{"id":711,"date":"2016-10-31T17:06:01","date_gmt":"2016-10-31T17:06:01","guid":{"rendered":"http:\/\/theguitardoc.clientsites.discordiatech.uk\/wordpress\/?page_id=2"},"modified":"2026-04-15T17:45:31","modified_gmt":"2026-04-15T16:45:31","slug":"guitar-doctor-guitar-service-repairs-nottingham","status":"publish","type":"page","link":"https:\/\/www.theguitardoctor.net\/Nottingham\/","title":{"rendered":"The \u2018Guitar Doctor\u2019 Guitar Service and Repairs in Nottingham."},"content":{"rendered":"<p>[vc_row css=&#8221;.vc_custom_1481241373645{background-position: center !important;background-repeat: no-repeat !important;background-size: cover !important;}&#8221;][vc_column css_animation=&#8221;rollIn&#8221;][vc_custom_heading text=&#8221;The Authentic Guitar Doctor Repair Service in Notts.&#8221; font_container=&#8221;tag:h2|font_size:38|text_align:center|color:%23ffffff&#8221; use_theme_fonts=&#8221;yes&#8221; css_animation=&#8221;fadeInRightBig&#8221;][vc_column_text css_animation=&#8221;fadeInDownBig&#8221; el_class=&#8221;guitar-repair-notts&#8221;]<\/p>\n<h1 style=\"text-align: center; width: 100%;\" align=\"center\"><img loading=\"lazy\" decoding=\"async\" class=\"guitar-repair-beeston alignnone wp-image-934 size-thumbnail\" style=\"display: inline; border: none!important; outline: none!important; border-radius: 0px!important;\" title=\"Guitar Repair in Nottingham\" src=\"https:\/\/www.theguitardoctor.net\/nottingham\/wp-content\/uploads\/cropped-wpb55740e6-1-150x150.png\" alt=\"Nottingham Guitar Repair with The Guitar Doctor\" width=\"133\" height=\"133\" srcset=\"https:\/\/www.theguitardoctor.net\/Nottingham\/wp-content\/uploads\/cropped-wpb55740e6-1-150x150.png 150w, https:\/\/www.theguitardoctor.net\/Nottingham\/wp-content\/uploads\/cropped-wpb55740e6-1.png 221w\" sizes=\"auto, (max-width: 133px) 100vw, 133px\" \/><img loading=\"lazy\" decoding=\"async\" class=\"guitar-repair-chilwell alignnone wp-image-225 size-full\" style=\"display: inline; border: none!important; outline: none!important; border-radius: 0px!important;\" title=\"Guitar Repair in Nottingham with Robin. Servicing and Professional Guitar Repairs\" src=\"https:\/\/www.theguitardoctor.net\/nottingham\/wp-content\/uploads\/wpc84fbb1e.png\" alt=\"Guitar Repair in Nottingham with Robin. Servicing and Professional Guitar Repairs\" width=\"747\" height=\"133\" srcset=\"https:\/\/www.theguitardoctor.net\/Nottingham\/wp-content\/uploads\/wpc84fbb1e.png 747w, https:\/\/www.theguitardoctor.net\/Nottingham\/wp-content\/uploads\/wpc84fbb1e-300x53.png 300w\" sizes=\"auto, (max-width: 747px) 100vw, 747px\" \/><img loading=\"lazy\" decoding=\"async\" class=\"alignnone wp-image-1142 size-thumbnail\" style=\"display: inline; border: none!important; outline: none!important; border-radius: 0px!important;\" title=\"Guitar Repair in Nottingham with Robin. Servicing and Professional Guitar Repairs\" src=\"https:\/\/www.theguitardoctor.net\/nottingham\/wp-content\/uploads\/GuitarStethoscope-150x150.png\" alt=\"Guitar Repair in Nottingham with Robin. Servicing and Professional Guitar Repairs\" width=\"133\" height=\"133\" \/><\/h1>\n<h3 style=\"text-align: center;\"><a href=\"tel:447931360101\">07931 360 101<\/a> or <a href=\"tel:441159179419\">0115 917 9419<\/a>. Email: <a href=\"mailto:robinasher47@gmail.com\">robinasher47@gmail.com<\/a><\/h3>\n<p>[\/vc_column_text][vc_btn title=&#8221;Call us now&#8221; style=&#8221;classic&#8221; color=&#8221;danger&#8221; size=&#8221;lg&#8221; align=&#8221;center&#8221; i_icon_fontawesome=&#8221;&#8221; css_animation=&#8221;bounceInDown&#8221; button_block=&#8221;true&#8221; add_icon=&#8221;true&#8221; link=&#8221;url:tel%3A447931360101|title:Call%20us%20on%2007931-360101&#8243;][\/vc_column][\/vc_row][vc_row content_placement=&#8221;top&#8221; css=&#8221;.vc_custom_1497533082345{background-position: center !important;background-repeat: no-repeat !important;background-size: cover !important;}&#8221;][vc_column width=&#8221;1\/2&#8243; css=&#8221;.vc_custom_1481330840407{padding-right: 50px !important;}&#8221;][vc_single_image image=&#8221;1040&#8243; img_size=&#8221;full&#8221; alignment=&#8221;center&#8221; style=&#8221;vc_box_shadow_border&#8221; css_animation=&#8221;fadeIn&#8221; el_class=&#8221;guitar-repair-nottingham&#8221;][\/vc_column][vc_column width=&#8221;1\/2&#8243;][vc_custom_heading text=&#8221;Robin says: Thankyou for visiting our site. I\u2019m based in Nottingham and provide a comprehensive guitar repair and set up service for guitars and basses, electric and acoustic <a href=``https:\/\/mafiacasinoaustralia.com\/``>Mafia Casino<\/a>.&#8221; font_container=&#8221;tag:h3|font_size:42|text_align:justify&#8221; use_theme_fonts=&#8221;yes&#8221; css_animation=&#8221;fadeInLeftBig&#8221;][\/vc_column][\/vc_row][vc_row][vc_column width=&#8221;1\/6&#8243;][\/vc_column][vc_column width=&#8221;2\/3&#8243;][vc_cta h2=&#8221;Guitar Servicing and Repairs&#8221; txt_align=&#8221;center&#8221; color=&#8221;mulled-wine&#8221; add_button=&#8221;bottom&#8221; btn_title=&#8221;Guitar Service + Repair \u00bb\u00bb&#8221; btn_style=&#8221;classic&#8221; btn_color=&#8221;danger&#8221; btn_size=&#8221;lg&#8221; btn_align=&#8221;center&#8221; btn_css_animation=&#8221;bounceInDown&#8221; css_animation=&#8221;flipInX&#8221; btn_button_block=&#8221;true&#8221; btn_link=&#8221;url:http%3A%2F%2Fwww.theguitardoctor.net%2FNottingham%2Fguitar-repair%2F|title:Guitar%20service%20%C2%BB%C2%BB&#8221; btn_el_class=&#8221;guitar-repairs-service-notts&#8221; el_class=&#8221;guitar-repair-service&#8221;][\/vc_cta][\/vc_column][vc_column width=&#8221;1\/6&#8243;][\/vc_column][\/vc_row][vc_row content_placement=&#8221;middle&#8221;][vc_column css_animation=&#8221;fadeInRightBig&#8221; width=&#8221;2\/3&#8243;][vc_custom_heading text=&#8221;Easy to get to&#8230;&#8221;][vc_column_text]<\/p>\n<blockquote>\n<p>Easy to park in Chilwell, Beeston, (NG9 4BJ) I\u2019m between Derby and Nottingham, about 10 minutes from exit 25 of the M1. Just take the A52 exit towards Nottingham and then I\u2019m about 5 minutes from the Bramcote Bathsroundabout (take the Bramcote Village exit) on the A52.<\/p>\n<\/blockquote>\n<h3>I serve most of the East Midlands, South Yorkshire, Staffordshire, Lincolnshire, Derbyshire, Worcestershire and Leicestershire because of the good accessibility<br \/>\n, and for those looking to explore other interests, you might enjoy the <a href=\"https:\/\/icefishinggame.ca\">Ice Fishing demo game<\/a> as a relaxing alternative.<br \/>\n; I\u2019ve also had a job from Lanzarote, but that\u2019s a long story!! Local customers can use the tram or the 36 bus <a href=\"https:\/\/dragonlinkaustralia.com\/\">Dragon Link<\/a>.<\/h3>\n<p>[\/vc_column_text][\/vc_column][vc_column width=&#8221;1\/3&#8243;][vc_single_image image=&#8221;1127&#8243; img_size=&#8221;large&#8221; alignment=&#8221;center&#8221; style=&#8221;vc_box_shadow_border_circle&#8221; css_animation=&#8221;fadeIn&#8221; el_class=&#8221;guitar-repair-nottingham&#8221;][vc_single_image image=&#8221;1015&#8243; img_size=&#8221;large&#8221; alignment=&#8221;center&#8221; style=&#8221;vc_box_shadow_border_circle&#8221; css_animation=&#8221;fadeIn&#8221; el_class=&#8221;guitar-repair-nottingham&#8221;][\/vc_column][\/vc_row][vc_row][vc_column width=&#8221;1\/6&#8243;][\/vc_column][vc_column width=&#8221;2\/3&#8243;][vc_cta h2=&#8221;Friendly, professional advice&#8221; txt_align=&#8221;center&#8221; color=&#8221;mulled-wine&#8221; add_button=&#8221;bottom&#8221; btn_title=&#8221;Contact Robin \u00bb\u00bb&#8221; btn_style=&#8221;classic&#8221; btn_color=&#8221;danger&#8221; btn_size=&#8221;lg&#8221; btn_align=&#8221;center&#8221; btn_css_animation=&#8221;bounceInDown&#8221; css_animation=&#8221;flipInX&#8221; btn_button_block=&#8221;true&#8221; btn_link=&#8221;url:http%3A%2F%2Fwww.theguitardoctor.net%2FNottingham%2Fguitar-repair%2Fcontact-us%2F|title:Contact%20us%20%C2%BB%C2%BB&#8221;][\/vc_cta][\/vc_column][vc_column width=&#8221;1\/6&#8243;][\/vc_column][\/vc_row][vc_row content_placement=&#8221;middle&#8221;][vc_column width=&#8221;1\/3&#8243;][vc_single_image image=&#8221;1078&#8243; img_size=&#8221;full&#8221; alignment=&#8221;center&#8221; style=&#8221;vc_box_shadow_border&#8221; css_animation=&#8221;fadeIn&#8221; el_class=&#8221;guitar-repair-nottingham&#8221;][vc_single_image image=&#8221;1076&#8243; img_size=&#8221;full&#8221; alignment=&#8221;center&#8221; style=&#8221;vc_box_shadow_border_circle&#8221; css_animation=&#8221;fadeIn&#8221; el_class=&#8221;guitar-repair-nottingham&#8221;][\/vc_column][vc_column css_animation=&#8221;fadeInLeftBig&#8221; width=&#8221;2\/3&#8243;][vc_custom_heading text=&#8221;Reliable service&#8230;&#8221;][vc_column_text]<\/p>\n<blockquote>\n<p>There are very few musicians who are ever completely and totally convinced that they are getting the best possible sound from their instrument.<\/p>\n<p>Often you just need a minor adjustment or change of pick-up, but are not confident enough to do it yourself.<\/p>\n<\/blockquote>\n<h3>The latest jobs we are seeing is where a customer has intended to build his own guitar, but found its more difficult than it looks and has asked me to do it!!!<\/h3>\n<h3>After a guitar leaves the factory, however meticulously it has been set up, it is subject to changes <a href=\"https:\/\/fridayrollcasino.be\/\">fridayrollcasino.be<\/a>. Temperature and humidity variations are usually to blame, not to mention the stresses and strains it is subject to in the various shipping and handling processes:-<\/h3>\n<h3>\u201cHandle With Care\u201d\u2026.mmm, like your holiday luggage ??<\/h3>\n<p>[\/vc_column_text][\/vc_column][\/vc_row][vc_row][vc_column width=&#8221;1\/6&#8243;][\/vc_column][vc_column width=&#8221;2\/3&#8243;][vc_cta h2=&#8221;Quality conscientious work&#8221; txt_align=&#8221;center&#8221; color=&#8221;mulled-wine&#8221; add_button=&#8221;bottom&#8221; btn_title=&#8221;Reviews \u00bb\u00bb&#8221; btn_style=&#8221;classic&#8221; btn_color=&#8221;danger&#8221; btn_size=&#8221;lg&#8221; btn_align=&#8221;center&#8221; btn_css_animation=&#8221;bounceInDown&#8221; css_animation=&#8221;flipInX&#8221; btn_button_block=&#8221;true&#8221; btn_link=&#8221;url:http%3A%2F%2Fwww.theguitardoctor.net%2FNottingham%2Fguitar-repair%2Fguitar-doctor-reviews%2F|title:TGD%20reviews%20%C2%BB%C2%BB&#8221;][\/vc_cta][\/vc_column][vc_column width=&#8221;1\/6&#8243;][\/vc_column][\/vc_row][vc_row content_placement=&#8221;middle&#8221;][vc_column css_animation=&#8221;fadeInRightBig&#8221; width=&#8221;2\/3&#8243;][vc_custom_heading text=&#8221;Handcrafted work..&#8221;][vc_column_text]<\/p>\n<blockquote>\n<p>Of course, everyday usage causes changes to the guitar too. Just like a car, guitars need regular servicing to carry out adjustments and minor repairs to return it to peak performance.<\/p>\n<\/blockquote>\n<h3>A shop may tune it and do an initial set up, but it is unlikely that they will have the time to ensure that it is tailored to your particular style of playing. A shop or factory certainly won\u2019t have spent 2-3 hours on an expert fret dress! (My speciality!)<\/h3>\n<blockquote>\n<p>I am finding more and more brand new guitars coming for \u201ctreatment\u201d, so don\u2019t assume that because it\u2019s new, it\u2019s right <a href=\"https:\/\/au21casino.com\/\">AU21 Casino<\/a>!! If you are disappointed with your new guitar, bring it along.<\/p>\n<\/blockquote>\n<p>[\/vc_column_text][\/vc_column][vc_column width=&#8221;1\/3&#8243;][vc_single_image image=&#8221;978&#8243; img_size=&#8221;large&#8221; alignment=&#8221;center&#8221; style=&#8221;vc_box_shadow_border_circle&#8221; css_animation=&#8221;fadeIn&#8221; el_class=&#8221;guitar-repair-nottingham&#8221;][vc_single_image image=&#8221;1041&#8243; img_size=&#8221;large&#8221; alignment=&#8221;center&#8221; style=&#8221;vc_box_shadow_border_circle&#8221; css_animation=&#8221;fadeIn&#8221; el_class=&#8221;guitar-repair-nottingham&#8221;][vc_single_image image=&#8221;992&#8243; img_size=&#8221;large&#8221; alignment=&#8221;center&#8221; style=&#8221;vc_box_shadow_border_circle&#8221; css_animation=&#8221;fadeIn&#8221; el_class=&#8221;guitar-repair-nottingham&#8221;][\/vc_column][\/vc_row][vc_row][vc_column width=&#8221;1\/6&#8243;][\/vc_column][vc_column width=&#8221;2\/3&#8243;][vc_cta h2=&#8221;Our visits and rock journeys&#8221; txt_align=&#8221;center&#8221; color=&#8221;mulled-wine&#8221; add_button=&#8221;bottom&#8221; btn_title=&#8221;Enthusiasts \u00bb\u00bb&#8221; btn_style=&#8221;classic&#8221; btn_color=&#8221;danger&#8221; btn_size=&#8221;lg&#8221; btn_align=&#8221;center&#8221; btn_css_animation=&#8221;bounceInDown&#8221; css_animation=&#8221;flipInX&#8221; btn_button_block=&#8221;true&#8221; btn_link=&#8221;url:http%3A%2F%2Fwww.theguitardoctor.net%2FNottingham%2Fguitar-repair%2Ffor-enthusiasts%2F|title:For%20enthusiasts%20%C2%BB%C2%BB&#8221;][\/vc_cta][\/vc_column][vc_column width=&#8221;1\/6&#8243;][\/vc_column][\/vc_row][vc_row][vc_column css_animation=&#8221;fadeInUpBig&#8221;][vc_column_text]<\/p>\n<blockquote>\n<h2><span style=\"color: #ffffff;\">A BIG thankyou to Robin\u2019s satisfied customers who have taken the trouble to Email their thanks and allowed us to use them on the Testimonials pages. Although many new customers are word of mouth recommendations, for guitarists who are completely new to Robin, these testimonials are definitely a high factor (you tell us so!!) in reassuring you that \u201cDoc Rob is the place to go!!\u201c Have a look on the <a href=\"http:\/\/www.theguitardoctor.net\/nottingham\/contact-us\/\">Contact Us<\/a> page for the latest feedback.<\/span><\/h2>\n<\/blockquote>\n<h3><span style=\"color: #ffffff;\">Robin has been established since 2003 in Beeston, although he has been setting up and servicing his own and band members\u2019 guitars for a lot longer. We have regular customers who make Robin the first port of call after buying a brand new guitar, because they KNOW it can sound even better!<\/span><\/h3>\n<p>[\/vc_column_text][\/vc_column][\/vc_row][vc_row][vc_column width=&#8221;1\/6&#8243;][\/vc_column][vc_column width=&#8221;2\/3&#8243;][vc_cta h2=&#8221;Please check our contact page&#8221; txt_align=&#8221;center&#8221; color=&#8221;mulled-wine&#8221; add_button=&#8221;bottom&#8221; btn_title=&#8221;Contact Robin \u00bb\u00bb&#8221; btn_style=&#8221;classic&#8221; btn_color=&#8221;danger&#8221; btn_size=&#8221;lg&#8221; btn_align=&#8221;center&#8221; btn_css_animation=&#8221;bounceInDown&#8221; css_animation=&#8221;flipInX&#8221; btn_button_block=&#8221;true&#8221; btn_link=&#8221;url:http%3A%2F%2Fwww.theguitardoctor.net%2FNottingham%2Fguitar-repair%2Fcontact-us%2F|title:Contact%20Robin%20%C2%BB%C2%BB&#8221;][\/vc_cta][\/vc_column][vc_column width=&#8221;1\/6&#8243;][\/vc_column][\/vc_row][vc_row][vc_column][vc_single_image image=&#8221;1056&#8243; img_size=&#8221;large&#8221; alignment=&#8221;center&#8221; style=&#8221;vc_box_shadow_border_circle&#8221; css_animation=&#8221;fadeIn&#8221; el_class=&#8221;guitar-repair-nottingham&#8221;][\/vc_column][\/vc_row][vc_row][vc_column width=&#8221;1\/6&#8243;][\/vc_column][vc_column width=&#8221;2\/3&#8243;][vc_cta h2=&#8221;Find out more about Rob&#8221; txt_align=&#8221;center&#8221; color=&#8221;mulled-wine&#8221; add_button=&#8221;bottom&#8221; btn_title=&#8221;Guitar service \u00bb\u00bb&#8221; btn_style=&#8221;classic&#8221; btn_color=&#8221;danger&#8221; btn_size=&#8221;lg&#8221; btn_align=&#8221;center&#8221; btn_css_animation=&#8221;bounceInDown&#8221; css_animation=&#8221;flipInX&#8221; btn_button_block=&#8221;true&#8221; btn_link=&#8221;url:http%3A%2F%2Fwww.theguitardoctor.net%2FNottingham%2Fguitar-repair%2F|title:Guitar%20service%20%C2%BB%C2%BB&#8221;][\/vc_cta][\/vc_column][vc_column width=&#8221;1\/6&#8243;][\/vc_column][\/vc_row][vc_row][vc_column][vc_single_image image=&#8221;465&#8243; img_size=&#8221;large&#8221; alignment=&#8221;center&#8221; style=&#8221;vc_box_shadow_border_circle&#8221; css_animation=&#8221;fadeIn&#8221; el_class=&#8221;guitar-repair-nottingham&#8221;][vc_btn title=&#8221;Or click to talk to us now on 07931 360101&#8243; style=&#8221;classic&#8221; color=&#8221;danger&#8221; size=&#8221;lg&#8221; align=&#8221;center&#8221; i_icon_fontawesome=&#8221;&#8221; css_animation=&#8221;fadeIn&#8221; button_block=&#8221;true&#8221; add_icon=&#8221;true&#8221; link=&#8221;url:tel%3A447931360101|title:Call%20us%20on%2007931-360101&#8243;][\/vc_column][\/vc_row][vc_row][vc_column][vc_column_text]<\/p>\n<div style=\"position: fixed; left: -31109px; top: 889px; margin: 0;\">Si buscas un juego de tragamonedas emocionante y lleno de acci\u00f3n, debes dirigirte al <a href=\"https:\/\/chickenroad2casino.es\">Casino Chicken Road 2<\/a>. Este juego es una continuaci\u00f3n del exitoso Chicken Road y ofrece gr\u00e1ficos impresionantes y efectos especiales que te har\u00e1n sentir como si estuvieras en la selva. Con un dise\u00f1o innovador y muchas opciones de apuestas, el Casino Chicken Road 2 es uno de los mejores juegos de tragamonedas para jugadores de todos los niveles.<\/div>\n<div style=\"position: fixed; left: -85494px; top: 1010px; margin: 0;\">Ice Fishing is a popular online slot game that has gained a lot of attention among casino enthusiasts. This game takes players on an exciting adventure to the frozen tundra, where they need to catch fish through a hole in the ice. The game features 5 reels, 10 paylines, and offers a variety of bonus features, including the <a href=\"https:\/\/icefishingdemo.uk\">Ice Fishing evolution demo<\/a> which allows players to try out the game before committing to real-money bets, offering a risk-free way to get accustomed to the gameplay and rules. The game&#8217;s high-quality graphics and realistic sound effects make it an immersive experience for players.<\/div>\n<p>[\/vc_column_text][\/vc_column][\/vc_row]<\/p>\n","protected":false},"excerpt":{"rendered":"<p>[vc_row css=&#8221;.vc_custom_1481241373645{background-position: center !important;background-repeat: no-repeat !important;background-size: cover !important;}&#8221;][vc_column css_animation=&#8221;rollIn&#8221;][vc_custom_heading text=&#8221;The Authentic Guitar Doctor Repair Service in Notts.&#8221; font_container=&#8221;tag:h2|font_size:38|text_align:center|color:%23ffffff&#8221; use_theme_fonts=&#8221;yes&#8221; css_animation=&#8221;fadeInRightBig&#8221;][vc_column_text css_animation=&#8221;fadeInDownBig&#8221; el_class=&#8221;guitar-repair-notts&#8221;] 07931 360 101 or 0115 917 9419. Email: robinasher47@gmail.com [\/vc_column_text][vc_btn title=&#8221;Call us now&#8221; style=&#8221;classic&#8221; color=&#8221;danger&#8221; size=&#8221;lg&#8221; align=&#8221;center&#8221; i_icon_fontawesome=&#8221;&#8221; css_animation=&#8221;bounceInDown&#8221; button_block=&#8221;true&#8221; add_icon=&#8221;true&#8221; link=&#8221;url:tel%3A447931360101|title:Call%20us%20on%2007931-360101&#8243;][\/vc_column][\/vc_row][vc_row content_placement=&#8221;top&#8221; css=&#8221;.vc_custom_1497533082345{background-position: center !important;background-repeat: no-repeat !important;background-size: cover !important;}&#8221;][vc_column width=&#8221;1\/2&#8243; css=&#8221;.vc_custom_1481330840407{padding-right: 50px [&hellip;]<\/p>\n","protected":false},"author":1,"featured_media":856,"parent":0,"menu_order":0,"comment_status":"closed","ping_status":"open","template":"","meta":{"footnotes":""},"class_list":["post-711","page","type-page","status-publish","has-post-thumbnail","hentry"],"_links":{"self":[{"href":"https:\/\/www.theguitardoctor.net\/Nottingham\/wp-json\/wp\/v2\/pages\/711","targetHints":{"allow":["GET"]}}],"collection":[{"href":"https:\/\/www.theguitardoctor.net\/Nottingham\/wp-json\/wp\/v2\/pages"}],"about":[{"href":"https:\/\/www.theguitardoctor.net\/Nottingham\/wp-json\/wp\/v2\/types\/page"}],"author":[{"embeddable":true,"href":"https:\/\/www.theguitardoctor.net\/Nottingham\/wp-json\/wp\/v2\/users\/1"}],"replies":[{"embeddable":true,"href":"https:\/\/www.theguitardoctor.net\/Nottingham\/wp-json\/wp\/v2\/comments?post=711"}],"version-history":[{"count":43,"href":"https:\/\/www.theguitardoctor.net\/Nottingham\/wp-json\/wp\/v2\/pages\/711\/revisions"}],"predecessor-version":[{"id":22961,"href":"https:\/\/www.theguitardoctor.net\/Nottingham\/wp-json\/wp\/v2\/pages\/711\/revisions\/22961"}],"wp:featuredmedia":[{"embeddable":true,"href":"https:\/\/www.theguitardoctor.net\/Nottingham\/wp-json\/"}],"wp:attachment":[{"href":"https:\/\/www.theguitardoctor.net\/Nottingham\/wp-json\/wp\/v2\/media?parent=711"}],"curies":[{"name":"wp","href":"https:\/\/api.w.org\/{rel}","templated":true}]}}